{"id":1855,"date":"2022-05-20T20:37:36","date_gmt":"2022-05-20T20:37:36","guid":{"rendered":"https:\/\/urnproduction.com\/product\/cu-04-feather\/"},"modified":"2022-06-09T07:46:52","modified_gmt":"2022-06-09T07:46:52","slug":"cu-04-feather","status":"publish","type":"product","link":"https:\/\/urnproduction.com\/es\/producto\/cu-04-feather\/","title":{"rendered":"CU.04.FEATHER"},"content":{"rendered":"","protected":false},"excerpt":{"rendered":"<p><b>Especificaciones del producto<\/b><\/p>\n<p>\n<b>Modelo:<\/b> CU.04.FEATHER<\/p>\n<p>\n<b>Capacidad:<\/b> 4,5 L<\/p>\n<p>\n<b>Dimensiones:<\/b> 800 mm de largo x 400 mm de ancho x 500 mm de alto<\/p>\n<p>\n<b>Material: <\/b>Contrachapado de abedul natural sin revestimiento<\/p>\n<p>\n<b>Elementos: <\/b>cortados y grabados a l\u00e1ser; tapa con rosca innovadora y especial, sin necesidad de tornillos ni herramientas; sin elementos met\u00e1licos ni de otro tipo que puedan resultar perjudiciales para el medio ambiente; cord\u00f3n de algod\u00f3n de 3 m <span class=\"Apple-converted-space\">\u00a0<\/span><\/p>\n<p>\n<b>Tama\u00f1o del paquete: <\/b>400 mm de largo x 500 mm de ancho x 800 de alto<\/p>\n<p>\n<b>Envasado: <\/b>La caja del paquete es de cart\u00f3n reciclado<\/p>\n","protected":false},"featured_media":1202,"comment_status":"open","ping_status":"closed","template":"","meta":[],"product_cat":[130],"product_tag":[],"class_list":["post-1855","product","type-product","status-publish","has-post-thumbnail","hentry","product_cat-urnas-funerarias"],"_links":{"self":[{"href":"https:\/\/urnproduction.com\/es\/wp-json\/wp\/v2\/product\/1855","targetHints":{"allow":["GET"]}}],"collection":[{"href":"https:\/\/urnproduction.com\/es\/wp-json\/wp\/v2\/product"}],"about":[{"href":"https:\/\/urnproduction.com\/es\/wp-json\/wp\/v2\/types\/product"}],"replies":[{"embeddable":true,"href":"https:\/\/urnproduction.com\/es\/wp-json\/wp\/v2\/comments?post=1855"}],"version-history":[{"count":1,"href":"https:\/\/urnproduction.com\/es\/wp-json\/wp\/v2\/product\/1855\/revisions"}],"predecessor-version":[{"id":1998,"href":"https:\/\/urnproduction.com\/es\/wp-json\/wp\/v2\/product\/1855\/revisions\/1998"}],"wp:featuredmedia":[{"embeddable":true,"href":"https:\/\/urnproduction.com\/es\/wp-json\/wp\/v2\/media\/1202"}],"wp:attachment":[{"href":"https:\/\/urnproduction.com\/es\/wp-json\/wp\/v2\/media?parent=1855"}],"wp:term":[{"taxonomy":"product_cat","embeddable":true,"href":"https:\/\/urnproduction.com\/es\/wp-json\/wp\/v2\/product_cat?post=1855"},{"taxonomy":"product_tag","embeddable":true,"href":"https:\/\/urnproduction.com\/es\/wp-json\/wp\/v2\/product_tag?post=1855"}],"curies":[{"name":"wp","href":"https:\/\/api.w.org\/{rel}","templated":true}]}}