{"id":1852,"date":"2022-05-20T20:34:13","date_gmt":"2022-05-20T20:34:13","guid":{"rendered":"https:\/\/urnproduction.com\/product\/cu-01-dove\/"},"modified":"2022-06-09T07:46:20","modified_gmt":"2022-06-09T07:46:20","slug":"cu-01-dove","status":"publish","type":"product","link":"https:\/\/urnproduction.com\/es\/producto\/cu-01-dove\/","title":{"rendered":"CU.01.DOVE"},"content":{"rendered":"","protected":false},"excerpt":{"rendered":"<p><b>Especificaciones del producto<\/b><\/p>\n<p>\n<b>Modelo:<\/b> CU.01.DOVE<br \/>\n<P><br \/>\n<b>Capacidad:<\/b> 4,5 L<\/p>\n<p>\n<b>Dimensiones:<\/b> 800 mm de largo x 400 mm de ancho x 500 mm de alto<\/p>\n<p>\n<b>Material: <\/b>Contrachapado de abedul natural sin revestimiento<\/p>\n<p>\n<b>Elementos: <\/b>cortados y grabados a l\u00e1ser; tapa con rosca innovadora y especial, sin necesidad de tornillos ni herramientas; sin elementos met\u00e1licos ni de otro tipo que puedan resultar perjudiciales para el medio ambiente; cord\u00f3n de algod\u00f3n de 3 m <span class=\"Apple-converted-space\">\u00a0<\/span><\/p>\n<p>\n<b>Tama\u00f1o del paquete: <\/b>400 mm de largo x 500 mm de ancho x 800 de alto<\/p>\n<p>\n<b>Envasado: <\/b>La caja del paquete es de cart\u00f3n reciclado<\/p>\n","protected":false},"featured_media":1217,"comment_status":"open","ping_status":"closed","template":"","meta":[],"product_cat":[130],"product_tag":[],"class_list":["post-1852","product","type-product","status-publish","has-post-thumbnail","hentry","product_cat-urnas-funerarias"],"_links":{"self":[{"href":"https:\/\/urnproduction.com\/es\/wp-json\/wp\/v2\/product\/1852","targetHints":{"allow":["GET"]}}],"collection":[{"href":"https:\/\/urnproduction.com\/es\/wp-json\/wp\/v2\/product"}],"about":[{"href":"https:\/\/urnproduction.com\/es\/wp-json\/wp\/v2\/types\/product"}],"replies":[{"embeddable":true,"href":"https:\/\/urnproduction.com\/es\/wp-json\/wp\/v2\/comments?post=1852"}],"version-history":[{"count":1,"href":"https:\/\/urnproduction.com\/es\/wp-json\/wp\/v2\/product\/1852\/revisions"}],"predecessor-version":[{"id":1994,"href":"https:\/\/urnproduction.com\/es\/wp-json\/wp\/v2\/product\/1852\/revisions\/1994"}],"wp:featuredmedia":[{"embeddable":true,"href":"https:\/\/urnproduction.com\/es\/wp-json\/wp\/v2\/media\/1217"}],"wp:attachment":[{"href":"https:\/\/urnproduction.com\/es\/wp-json\/wp\/v2\/media?parent=1852"}],"wp:term":[{"taxonomy":"product_cat","embeddable":true,"href":"https:\/\/urnproduction.com\/es\/wp-json\/wp\/v2\/product_cat?post=1852"},{"taxonomy":"product_tag","embeddable":true,"href":"https:\/\/urnproduction.com\/es\/wp-json\/wp\/v2\/product_tag?post=1852"}],"curies":[{"name":"wp","href":"https:\/\/api.w.org\/{rel}","templated":true}]}}