{"id":1703,"date":"2022-05-20T20:37:36","date_gmt":"2022-05-20T20:37:36","guid":{"rendered":"https:\/\/urnproduction.com\/product\/cu-04-feather\/"},"modified":"2022-06-07T17:29:28","modified_gmt":"2022-06-07T17:29:28","slug":"cu-04-feather","status":"publish","type":"product","link":"https:\/\/urnproduction.com\/da\/vare\/cu-04-feather\/","title":{"rendered":"CU.04.FEATHER"},"content":{"rendered":"","protected":false},"excerpt":{"rendered":"<p><b>Produktspecifikationer<\/b><\/p>\n<p>\n<b>Model:<\/b> CU.04.FEATHER<\/p>\n<p>\n<b>Kapacitet:<\/b> 4,5 L<\/p>\n<p>\n<b>Dimensioner:<\/b> L800 mm x B400 mm x H500 mm<\/p>\n<p>\n<b>Materiale: <\/b>Ubelagt naturlig birkekrydsfiner<\/p>\n<p>\n<b>Beskrivelse: <\/b>lasersk\u00e5ret og graveret; l\u00e5g med innovativt og specielt gevind \u2013 intet behov for skruer eller v\u00e6rkt\u00f8j; intet metal eller andre stoffer, der potentielt kan skade milj\u00f8et; 3 m bomuldssnor <span class=\"Apple-converted-space\">\u00a0<\/span><\/p>\n<p>\n<b>Pakkest\u00f8rrelse: <\/b>L400 mm x B500 mm x H800 mm<\/p>\n<p>\n<b>Emballage: <\/b>Pap\u00e6sken er lavet af genbrugspap<\/p>\n","protected":false},"featured_media":1198,"comment_status":"open","ping_status":"closed","template":"","meta":[],"product_cat":[124],"product_tag":[],"class_list":["post-1703","product","type-product","status-publish","has-post-thumbnail","hentry","product_cat-kremeringsurner"],"_links":{"self":[{"href":"https:\/\/urnproduction.com\/da\/wp-json\/wp\/v2\/product\/1703","targetHints":{"allow":["GET"]}}],"collection":[{"href":"https:\/\/urnproduction.com\/da\/wp-json\/wp\/v2\/product"}],"about":[{"href":"https:\/\/urnproduction.com\/da\/wp-json\/wp\/v2\/types\/product"}],"replies":[{"embeddable":true,"href":"https:\/\/urnproduction.com\/da\/wp-json\/wp\/v2\/comments?post=1703"}],"version-history":[{"count":2,"href":"https:\/\/urnproduction.com\/da\/wp-json\/wp\/v2\/product\/1703\/revisions"}],"predecessor-version":[{"id":1705,"href":"https:\/\/urnproduction.com\/da\/wp-json\/wp\/v2\/product\/1703\/revisions\/1705"}],"wp:featuredmedia":[{"embeddable":true,"href":"https:\/\/urnproduction.com\/da\/wp-json\/wp\/v2\/media\/1198"}],"wp:attachment":[{"href":"https:\/\/urnproduction.com\/da\/wp-json\/wp\/v2\/media?parent=1703"}],"wp:term":[{"taxonomy":"product_cat","embeddable":true,"href":"https:\/\/urnproduction.com\/da\/wp-json\/wp\/v2\/product_cat?post=1703"},{"taxonomy":"product_tag","embeddable":true,"href":"https:\/\/urnproduction.com\/da\/wp-json\/wp\/v2\/product_tag?post=1703"}],"curies":[{"name":"wp","href":"https:\/\/api.w.org\/{rel}","templated":true}]}}