{"id":1692,"date":"2022-05-20T20:34:13","date_gmt":"2022-05-20T20:34:13","guid":{"rendered":"https:\/\/urnproduction.com\/product\/cu-01-dove\/"},"modified":"2022-06-07T14:17:34","modified_gmt":"2022-06-07T14:17:34","slug":"cu-01-dove","status":"publish","type":"product","link":"https:\/\/urnproduction.com\/da\/vare\/cu-01-dove\/","title":{"rendered":"CU.01.DOVE"},"content":{"rendered":"","protected":false},"excerpt":{"rendered":"<p><b>Produktspecifikationer<\/b><\/p>\n<p>\n<b>Model:<\/b> CU.01.DOVE<br \/>\n<P><br \/>\n<b>Kapacitet:<\/b> 4,5 L<\/p>\n<p>\n<b>Dimensioner:<\/b> L800 mm x B400 mm x H500 mm<\/p>\n<p>\n<b>Materiale: <\/b>Ubelagt naturlig birkekrydsfiner<\/p>\n<p>\n<b>Beskrivelse: <\/b>lasersk\u00e5ret og graveret; l\u00e5g med innovativt og specielt gevind \u2013 intet behov for skruer eller v\u00e6rkt\u00f8j; intet metal eller andre stoffer, der potentielt kan skade milj\u00f8et; 3 m bomuldssnor <span class=\"Apple-converted-space\">\u00a0<\/span><\/p>\n<p>\n<b>Pakkest\u00f8rrelse: <\/b>L400 mm x B500 mm x H800 mm<\/p>\n<p>\n<b>Emballage: <\/b>Pap\u00e6sken er lavet af genbrugspap<\/p>\n","protected":false},"featured_media":1213,"comment_status":"open","ping_status":"closed","template":"","meta":[],"product_cat":[124],"product_tag":[],"class_list":["post-1692","product","type-product","status-publish","has-post-thumbnail","hentry","product_cat-kremeringsurner"],"_links":{"self":[{"href":"https:\/\/urnproduction.com\/da\/wp-json\/wp\/v2\/product\/1692","targetHints":{"allow":["GET"]}}],"collection":[{"href":"https:\/\/urnproduction.com\/da\/wp-json\/wp\/v2\/product"}],"about":[{"href":"https:\/\/urnproduction.com\/da\/wp-json\/wp\/v2\/types\/product"}],"replies":[{"embeddable":true,"href":"https:\/\/urnproduction.com\/da\/wp-json\/wp\/v2\/comments?post=1692"}],"version-history":[{"count":3,"href":"https:\/\/urnproduction.com\/da\/wp-json\/wp\/v2\/product\/1692\/revisions"}],"predecessor-version":[{"id":1695,"href":"https:\/\/urnproduction.com\/da\/wp-json\/wp\/v2\/product\/1692\/revisions\/1695"}],"wp:featuredmedia":[{"embeddable":true,"href":"https:\/\/urnproduction.com\/da\/wp-json\/wp\/v2\/media\/1213"}],"wp:attachment":[{"href":"https:\/\/urnproduction.com\/da\/wp-json\/wp\/v2\/media?parent=1692"}],"wp:term":[{"taxonomy":"product_cat","embeddable":true,"href":"https:\/\/urnproduction.com\/da\/wp-json\/wp\/v2\/product_cat?post=1692"},{"taxonomy":"product_tag","embeddable":true,"href":"https:\/\/urnproduction.com\/da\/wp-json\/wp\/v2\/product_tag?post=1692"}],"curies":[{"name":"wp","href":"https:\/\/api.w.org\/{rel}","templated":true}]}}